{"id":117916,"date":"2025-03-25T13:35:00","date_gmt":"2025-03-25T11:35:00","guid":{"rendered":"https:\/\/www.festivalz.org\/placa-de-santa-susanna\/"},"modified":"2025-05-28T13:40:34","modified_gmt":"2025-05-28T11:40:34","slug":"parc-central-de-girona","status":"publish","type":"page","link":"https:\/\/www.festivalz.org\/es\/parc-central-de-girona\/","title":{"rendered":"Parque central de Girona"},"content":{"rendered":"<div class=\"wpb-content-wrapper\"><p>[vc_row row_height_percent=\u00bb0&#8243; overlay_alpha=\u00bb50&#8243; gutter_size=\u00bb3&#8243; column_width_percent=\u00bb100&#8243; shift_y=\u00bb0&#8243; z_index=\u00bb0&#8243; content_parallax=\u00bb0&#8243; uncode_shortcode_id=\u00bb201723&#8243;][vc_column column_width_percent=\u00bb90&#8243; gutter_size=\u00bb3&#8243; overlay_alpha=\u00bb50&#8243; shift_x=\u00bb0&#8243; shift_y=\u00bb0&#8243; shift_y_down=\u00bb0&#8243; z_index=\u00bb0&#8243; medium_width=\u00bb0&#8243; mobile_width=\u00bb0&#8243; width=\u00bb1\/2&#8243; uncode_shortcode_id=\u00bb700339&#8243;][vc_column_text uncode_shortcode_id=\u00bb191010&#8243; css=\u00bb.vc_custom_1748430434128{margin-right: 5px !important;margin-left: 5px !important;}\u00bb]<\/p>\n<h2 style=\"text-align: left;\"><b><strong>Parque Central de Girona<\/strong><\/b><\/h2>\n<h6><a href=\"https:\/\/maps.app.goo.gl\/rhMpwaf9ojtKSfJd9\" target=\"_blank\" rel=\"noopener\">Carrer Rafael Mas\u00f3 i Valent\u00ed, 7, 17005 Girona<\/a><\/h6>\n<p style=\"text-align: left;\">Situado justo detr\u00e1s de la estaci\u00f3n de tren, el Parque Central es un gran espacio de paso y de encuentro. Un espacio ken\u00f3ptico que acoger\u00e1 uno de los espect\u00e1culos <em>site-specific<\/em> del Festival Z.<\/p>\n<p>[\/vc_column_text][\/vc_column][vc_column column_width_percent=\u00bb90&#8243; gutter_size=\u00bb3&#8243; overlay_alpha=\u00bb50&#8243; shift_x=\u00bb0&#8243; shift_y=\u00bb0&#8243; shift_y_down=\u00bb0&#8243; z_index=\u00bb0&#8243; medium_width=\u00bb0&#8243; mobile_width=\u00bb0&#8243; width=\u00bb1\/2&#8243; uncode_shortcode_id=\u00bb196759&#8243;][uncode_slider slider_interval=\u00bb5000&#8243; slider_navspeed=\u00bb400&#8243; slider_loop=\u00bbyes\u00bb slider_hide_arrows=\u00bbyes\u00bb slider_hide_dots=\u00bbyes\u00bb el_id=\u00bbslider-159548&#8243;][vc_row_inner][vc_column_inner width=\u00bb1\/1&#8243;][vc_single_image media=\u00bb118831&#8243; caption=\u00bbyes\u00bb media_width_percent=\u00bb100&#8243; media_ratio=\u00bbfour-five\u00bb uncode_shortcode_id=\u00bb130821&#8243;][\/vc_column_inner][\/vc_row_inner][\/uncode_slider][\/vc_column][\/vc_row][vc_row][vc_column width=\u00bb1\/1&#8243;][vc_empty_space empty_h=\u00bb3&#8243;][\/vc_column][\/vc_row]<\/p>\n<\/div>","protected":false},"excerpt":{"rendered":"<p>[vc_row row_height_percent=\u00bb0&#8243; overlay_alpha=\u00bb50&#8243; gutter_size=\u00bb3&#8243; column_width_percent=\u00bb100&#8243; shift_y=\u00bb0&#8243; z_index=\u00bb0&#8243; content_parallax=\u00bb0&#8243; uncode_shortcode_id=\u00bb201723&#8243;][vc_column column_width_percent=\u00bb90&#8243; gutter_size=\u00bb3&#8243; overlay_alpha=\u00bb50&#8243; shift_x=\u00bb0&#8243; shift_y=\u00bb0&#8243; shift_y_down=\u00bb0&#8243; z_index=\u00bb0&#8243; medium_width=\u00bb0&#8243; mobile_width=\u00bb0&#8243; width=\u00bb1\/2&#8243; uncode_shortcode_id=\u00bb700339&#8243;][vc_column_text [&hellip;]<\/p>\n","protected":false},"author":3,"featured_media":118834,"parent":0,"menu_order":0,"comment_status":"open","ping_status":"closed","template":"","meta":{"_acf_changed":false,"_monsterinsights_skip_tracking":false,"_monsterinsights_sitenote_active":false,"_monsterinsights_sitenote_note":"","_monsterinsights_sitenote_category":0,"footnotes":""},"class_list":["post-117916","page","type-page","status-publish","has-post-thumbnail","hentry","page_category-espai-es"],"acf":[],"aioseo_notices":[],"_links":{"self":[{"href":"https:\/\/www.festivalz.org\/es\/wp-json\/wp\/v2\/pages\/117916","targetHints":{"allow":["GET"]}}],"collection":[{"href":"https:\/\/www.festivalz.org\/es\/wp-json\/wp\/v2\/pages"}],"about":[{"href":"https:\/\/www.festivalz.org\/es\/wp-json\/wp\/v2\/types\/page"}],"author":[{"embeddable":true,"href":"https:\/\/www.festivalz.org\/es\/wp-json\/wp\/v2\/users\/3"}],"replies":[{"embeddable":true,"href":"https:\/\/www.festivalz.org\/es\/wp-json\/wp\/v2\/comments?post=117916"}],"version-history":[{"count":4,"href":"https:\/\/www.festivalz.org\/es\/wp-json\/wp\/v2\/pages\/117916\/revisions"}],"predecessor-version":[{"id":118837,"href":"https:\/\/www.festivalz.org\/es\/wp-json\/wp\/v2\/pages\/117916\/revisions\/118837"}],"wp:featuredmedia":[{"embeddable":true,"href":"https:\/\/www.festivalz.org\/es\/wp-json\/wp\/v2\/media\/118834"}],"wp:attachment":[{"href":"https:\/\/www.festivalz.org\/es\/wp-json\/wp\/v2\/media?parent=117916"}],"curies":[{"name":"wp","href":"https:\/\/api.w.org\/{rel}","templated":true}]}}