{"id":117879,"date":"2025-03-25T13:32:51","date_gmt":"2025-03-25T11:32:51","guid":{"rendered":"https:\/\/www.festivalz.org\/el-canal-centre-darts-esceniques-salt-girona\/"},"modified":"2025-05-08T13:29:18","modified_gmt":"2025-05-08T11:29:18","slug":"el-canal-centre-darts-esceniques-salt-girona","status":"publish","type":"page","link":"https:\/\/www.festivalz.org\/es\/el-canal-centre-darts-esceniques-salt-girona\/","title":{"rendered":"El Canal \u2013 Centro de Artes Esc\u00e9nicas Salt\/Girona"},"content":{"rendered":"<div class=\"wpb-content-wrapper\"><p>[vc_row row_height_percent=\u00bb0&#8243; overlay_alpha=\u00bb50&#8243; gutter_size=\u00bb3&#8243; column_width_percent=\u00bb100&#8243; shift_y=\u00bb0&#8243; z_index=\u00bb0&#8243; content_parallax=\u00bb0&#8243; uncode_shortcode_id=\u00bb201723&#8243;][vc_column column_width_percent=\u00bb90&#8243; gutter_size=\u00bb3&#8243; overlay_alpha=\u00bb50&#8243; shift_x=\u00bb0&#8243; shift_y=\u00bb0&#8243; shift_y_down=\u00bb0&#8243; z_index=\u00bb0&#8243; medium_width=\u00bb0&#8243; mobile_width=\u00bb0&#8243; width=\u00bb1\/2&#8243; uncode_shortcode_id=\u00bb128817&#8243;][vc_column_text uncode_shortcode_id=\u00bb122279&#8243; css=\u00bb.vc_custom_1744123514574{margin-right: 5px !important;margin-left: 5px !important;}\u00bb]<\/p>\n<h2 style=\"text-align: left;\"><b>El Canal \u2013 Centro de Artes Esc\u00e9nicas Salt\/Girona<\/b><\/h2>\n<h6><a href=\"https:\/\/maps.app.goo.gl\/tY2w1UFrCUjfQtvR7\" target=\"_blank\" rel=\"noopener\">Pla\u00e7a de can Patrac, 1, 17190 Salt, Girona<\/a><\/h6>\n<p>El Canal es un Centro de Craci\u00f3n de Artes Esc\u00e9nicas especializado en las artes vivas y con una mirada centrada en la comunidad de artistas vinculados a la vida cultural gerundense y saltenca.<\/p>\n<p>Situado en La Factoria Cultural Coma Cros de Salt, el centro se pone al servicio de la comunidad profesional y esc\u00e9nica local y global para acoger toda clase de formas art\u00edsticas, disciplinas creativas, pr\u00e1cticas experienciales y procesos experimentales.<\/p>\n<p>El Canal quiere ser un espacio de intercambio entre profesionales y artistas y un lugar de encuentro para la multiplicidad de perfiles art\u00edsticos y de disciplinas del mundo esc\u00e9nico, poniendo especial atenci\u00f3n en la dramaturgia y en el circo.<\/p>\n<p>Siempre desde una conciencia social local, el centro se mueve por el trabajo en red con otras entidades del sector y del territorio y aspira a convertirse en un equipamiento de referencia del norte de Catalu\u00f1a y del sur de Europa.[\/vc_column_text][\/vc_column][vc_column column_width_percent=\u00bb90&#8243; gutter_size=\u00bb3&#8243; overlay_alpha=\u00bb50&#8243; shift_x=\u00bb0&#8243; shift_y=\u00bb0&#8243; shift_y_down=\u00bb0&#8243; z_index=\u00bb0&#8243; medium_width=\u00bb0&#8243; mobile_width=\u00bb0&#8243; width=\u00bb1\/2&#8243; uncode_shortcode_id=\u00bb427639&#8243;][uncode_slider slider_interval=\u00bb5000&#8243; slider_navspeed=\u00bb400&#8243; slider_loop=\u00bbyes\u00bb slider_hide_arrows=\u00bbyes\u00bb slider_hide_dots=\u00bbyes\u00bb el_id=\u00bbslider-159548&#8243;][vc_row_inner][vc_column_inner width=\u00bb1\/1&#8243;][vc_single_image media=\u00bb117288&#8243; caption=\u00bbyes\u00bb media_width_percent=\u00bb100&#8243; media_ratio=\u00bbfour-five\u00bb uncode_shortcode_id=\u00bb102379&#8243;][\/vc_column_inner][\/vc_row_inner][vc_row_inner][vc_column_inner width=\u00bb1\/1&#8243;][vc_single_image media=\u00bb117284&#8243; caption=\u00bbyes\u00bb media_width_percent=\u00bb100&#8243; media_ratio=\u00bbfour-five\u00bb uncode_shortcode_id=\u00bb916291&#8243;][\/vc_column_inner][\/vc_row_inner][vc_row_inner][vc_column_inner width=\u00bb1\/1&#8243;][vc_single_image media=\u00bb117300&#8243; caption=\u00bbyes\u00bb media_width_percent=\u00bb100&#8243; media_ratio=\u00bbfour-five\u00bb uncode_shortcode_id=\u00bb191634&#8243;][\/vc_column_inner][\/vc_row_inner][vc_row_inner][vc_column_inner width=\u00bb1\/1&#8243;][vc_single_image media=\u00bb117304&#8243; caption=\u00bbyes\u00bb media_width_percent=\u00bb100&#8243; media_ratio=\u00bbfour-five\u00bb uncode_shortcode_id=\u00bb201840&#8243;][\/vc_column_inner][\/vc_row_inner][\/uncode_slider][\/vc_column][\/vc_row][vc_row][vc_column width=\u00bb1\/1&#8243;][vc_empty_space empty_h=\u00bb3&#8243;][\/vc_column][\/vc_row]<\/p>\n<\/div>","protected":false},"excerpt":{"rendered":"<p>[vc_row row_height_percent=\u00bb0&#8243; overlay_alpha=\u00bb50&#8243; gutter_size=\u00bb3&#8243; column_width_percent=\u00bb100&#8243; shift_y=\u00bb0&#8243; z_index=\u00bb0&#8243; content_parallax=\u00bb0&#8243; uncode_shortcode_id=\u00bb201723&#8243;][vc_column column_width_percent=\u00bb90&#8243; gutter_size=\u00bb3&#8243; overlay_alpha=\u00bb50&#8243; shift_x=\u00bb0&#8243; shift_y=\u00bb0&#8243; shift_y_down=\u00bb0&#8243; z_index=\u00bb0&#8243; medium_width=\u00bb0&#8243; mobile_width=\u00bb0&#8243; width=\u00bb1\/2&#8243; uncode_shortcode_id=\u00bb128817&#8243;][vc_column_text [&hellip;]<\/p>\n","protected":false},"author":3,"featured_media":117291,"parent":0,"menu_order":0,"comment_status":"open","ping_status":"closed","template":"","meta":{"_acf_changed":false,"_monsterinsights_skip_tracking":false,"_monsterinsights_sitenote_active":false,"_monsterinsights_sitenote_note":"","_monsterinsights_sitenote_category":0,"footnotes":""},"class_list":["post-117879","page","type-page","status-publish","has-post-thumbnail","hentry","page_category-espai-es"],"acf":[],"aioseo_notices":[],"_links":{"self":[{"href":"https:\/\/www.festivalz.org\/es\/wp-json\/wp\/v2\/pages\/117879","targetHints":{"allow":["GET"]}}],"collection":[{"href":"https:\/\/www.festivalz.org\/es\/wp-json\/wp\/v2\/pages"}],"about":[{"href":"https:\/\/www.festivalz.org\/es\/wp-json\/wp\/v2\/types\/page"}],"author":[{"embeddable":true,"href":"https:\/\/www.festivalz.org\/es\/wp-json\/wp\/v2\/users\/3"}],"replies":[{"embeddable":true,"href":"https:\/\/www.festivalz.org\/es\/wp-json\/wp\/v2\/comments?post=117879"}],"version-history":[{"count":4,"href":"https:\/\/www.festivalz.org\/es\/wp-json\/wp\/v2\/pages\/117879\/revisions"}],"predecessor-version":[{"id":118537,"href":"https:\/\/www.festivalz.org\/es\/wp-json\/wp\/v2\/pages\/117879\/revisions\/118537"}],"wp:featuredmedia":[{"embeddable":true,"href":"https:\/\/www.festivalz.org\/es\/wp-json\/wp\/v2\/media\/117291"}],"wp:attachment":[{"href":"https:\/\/www.festivalz.org\/es\/wp-json\/wp\/v2\/media?parent=117879"}],"curies":[{"name":"wp","href":"https:\/\/api.w.org\/{rel}","templated":true}]}}