{"id":117853,"date":"2025-04-04T18:30:19","date_gmt":"2025-04-04T16:30:19","guid":{"rendered":"https:\/\/www.festivalz.org\/professionals\/"},"modified":"2025-07-09T14:13:15","modified_gmt":"2025-07-09T12:13:15","slug":"professionals","status":"publish","type":"page","link":"https:\/\/www.festivalz.org\/es\/professionals\/","title":{"rendered":"Profesionales"},"content":{"rendered":"<div class=\"wpb-content-wrapper\"><p>[vc_row unlock_row_content=\u00bbyes\u00bb row_height_percent=\u00bb0&#8243; override_padding=\u00bbyes\u00bb h_padding=\u00bb2&#8243; top_padding=\u00bb5&#8243; bottom_padding=\u00bb5&#8243; overlay_alpha=\u00bb50&#8243; gutter_size=\u00bb4&#8243; column_width_use_pixel=\u00bbyes\u00bb shift_y=\u00bb0&#8243; z_index=\u00bb0&#8243; uncode_shortcode_id=\u00bb735411&#8243; column_width_pixel=\u00bb1500&#8243;][vc_column width=\u00bb1\/2&#8243;][vc_single_image media=\u00bb117300&#8243; media_width_percent=\u00bb100&#8243; media_ratio=\u00bbfive-four\u00bb uncode_shortcode_id=\u00bb195875&#8243;][\/vc_column][vc_column column_width_percent=\u00bb100&#8243; position_vertical=\u00bbjustify\u00bb gutter_size=\u00bb3&#8243; style=\u00bblight\u00bb overlay_alpha=\u00bb50&#8243; shift_x=\u00bb0&#8243; shift_y=\u00bb0&#8243; shift_y_down=\u00bb0&#8243; z_index=\u00bb0&#8243; medium_width=\u00bb0&#8243; mobile_width=\u00bb0&#8243; width=\u00bb1\/2&#8243; uncode_shortcode_id=\u00bb164839&#8243;][vc_row_inner limit_content=\u00bb\u00bb][vc_column_inner column_width_percent=\u00bb100&#8243; gutter_size=\u00bb2&#8243; style=\u00bblight\u00bb overlay_alpha=\u00bb50&#8243; shift_x=\u00bb0&#8243; shift_y=\u00bb0&#8243; shift_y_down=\u00bb0&#8243; z_index=\u00bb0&#8243; medium_width=\u00bb0&#8243; mobile_width=\u00bb0&#8243; width=\u00bb1\/1&#8243; uncode_shortcode_id=\u00bb979633&#8243;][vc_custom_heading text_color=\u00bbcolor-210407&#8243; heading_semantic=\u00bbh3&#8243; text_size=\u00bbh1&#8243; uncode_shortcode_id=\u00bb727714&#8243; text_color_type=\u00bbuncode-palette\u00bb]<b>Profesionales<\/b>[\/vc_custom_heading][vc_column_text uncode_shortcode_id=\u00bb236967&#8243;]El Festival Z es una plataforma de acompa\u00f1amiento y promoci\u00f3n de <strong>propuestas de artes esc\u00e9nicas j\u00f3venes producidas en Catalu\u00f1a<\/strong>, con un foco especial a las producciones de artistas de Girona y alrededores. Desde hace unos a\u00f1os, el festival est\u00e1 consolid\u00e1ndose como el <strong>espacio de encuentro de referencia<\/strong> para profesionales del sector que buscan conectar con la creaci\u00f3n esc\u00e9nica &lt;30.<\/p>\n<p>Queremos ser un trampol\u00edn para compa\u00f1\u00edas j\u00f3venes, tendiendo un puente entre artistas n\u00f3veles, profesionales consolidadas del mundo cultural y p\u00fablico. Es por este motivo que, adem\u00e1s de la programaci\u00f3n de espect\u00e1culos, cada a\u00f1o ofrecemos un recorrido de actividades PRO para hacer que <strong>la experiencia para todas las profesionales acreditadas sea memorable<\/strong>. Lejos de organizar <em>speed meetings<\/em> o mesas redondas, lo que proponemos es una estancia inmersiva donde profesionales de todas las trayectorias, edades y experiencias puedan compartir un espacio-tiempo de calidad, conocerse y establecer v\u00ednculos m\u00e1s all\u00e1 de las l\u00f3gicas mercantiles.[\/vc_column_text][vc_custom_heading text_color=\u00bbcolor-210407&#8243; heading_semantic=\u00bbh3&#8243; text_size=\u00bbh1&#8243; uncode_shortcode_id=\u00bb127941&#8243; text_color_type=\u00bbuncode-palette\u00bb]<strong>Acred\u00edtate<\/strong>[\/vc_custom_heading][vc_custom_heading heading_semantic=\u00bbh3&#8243; text_size=\u00bbh3&#8243; uncode_shortcode_id=\u00bb186890&#8243;]<b>QUE NO TE LO EXPLIQUEN: \u00a1VEN!<\/b>[\/vc_custom_heading][vc_custom_heading heading_semantic=\u00bbh6&#8243; text_size=\u00bbh5&#8243; text_weight=\u00bb400&#8243; uncode_shortcode_id=\u00bb195636&#8243;]<span style=\"font-weight: 400;\">El plazo de inscripci\u00f3n PRO para la edici\u00f3n 2025 est\u00e1 cerrado. Si tienes cualquier duda puedes contactar con <\/span><strong><a style=\"font-weight: 400;\" href=\"mailto:professionals@festivalz.org\">professionals@festivalz.org<\/a><\/strong>[\/vc_custom_heading][\/vc_column_inner][\/vc_row_inner][\/vc_column][\/vc_row][vc_row unlock_row_content=\u00bbyes\u00bb row_height_percent=\u00bb0&#8243; override_padding=\u00bbyes\u00bb h_padding=\u00bb2&#8243; top_padding=\u00bb1&#8243; bottom_padding=\u00bb2&#8243; overlay_alpha=\u00bb50&#8243; equal_height=\u00bbyes\u00bb gutter_size=\u00bb3&#8243; column_width_percent=\u00bb100&#8243; shift_y=\u00bb0&#8243; z_index=\u00bb0&#8243; auto_height_device=\u00bbyes\u00bb content_parallax=\u00bb0&#8243; uncode_shortcode_id=\u00bb210158&#8243;][vc_column column_width_percent=\u00bb100&#8243; gutter_size=\u00bb2&#8243; override_padding=\u00bbyes\u00bb column_padding=\u00bb3&#8243; style=\u00bbdark\u00bb back_color=\u00bbcolor-210407&#8243; overlay_alpha=\u00bb50&#8243; radius=\u00bbhg\u00bb shift_x=\u00bb0&#8243; shift_y=\u00bb0&#8243; shift_y_down=\u00bb0&#8243; z_index=\u00bb0&#8243; desktop_visibility=\u00bbyes\u00bb medium_visibility=\u00bbyes\u00bb medium_width=\u00bb0&#8243; mobile_visibility=\u00bbyes\u00bb mobile_width=\u00bb0&#8243; width=\u00bb1\/3&#8243; uncode_shortcode_id=\u00bb153091&#8243; back_color_type=\u00bbuncode-palette\u00bb][vc_button size=\u00bbbtn-lg\u00bb wide=\u00bbyes\u00bb border_width=\u00bb0&#8243; scale_mobile=\u00bbno\u00bb uncode_shortcode_id=\u00bb210291&#8243; link=\u00bburl:https%3A%2F%2Fairtable.com%2FappdUVIeTUiFg3Yjr%2FpagvDBgcvc70lAdcG%2Fform|target:_blank\u00bb]ACREDITACI\u00d3N PAQUETE COMPLETO[\/vc_button][vc_custom_heading heading_semantic=\u00bbh6&#8243; text_size=\u00bbh1&#8243; uncode_shortcode_id=\u00bb199677&#8243;]35<small>\u20ac<\/small>[\/vc_custom_heading][vc_empty_space empty_h=\u00bb1&#8243;][vc_custom_heading heading_semantic=\u00bbp\u00bb text_size=\u00bbh4&#8243; text_weight=\u00bb400&#8243; uncode_shortcode_id=\u00bb651999&#8243;]\u00bfQu\u00e9 incluye?[\/vc_custom_heading][uncode_list icon=\u00bbfa fa-check-circle\u00bb icon_color=\u00bbcolor-xsdn\u00bb uncode_shortcode_id=\u00bb127469&#8243; icon_color_type=\u00bbuncode-palette\u00bb]<\/p>\n<ul>\n<li>Acreditaci\u00f3n<\/li>\n<li>Acceso a todas las actividades pro<\/li>\n<li>Acceso a toda la programaci\u00f3n<\/li>\n<li>Recibir el listado de profesionales incritas que permitan compartir sus datos<\/li>\n<\/ul>\n<p>[\/uncode_list][vc_empty_space empty_h=\u00bb1&#8243;][\/vc_column][vc_column column_width_percent=\u00bb100&#8243; gutter_size=\u00bb2&#8243; override_padding=\u00bbyes\u00bb column_padding=\u00bb3&#8243; style=\u00bbdark\u00bb back_color=\u00bbcolor-210407&#8243; overlay_alpha=\u00bb50&#8243; radius=\u00bbhg\u00bb shift_x=\u00bb0&#8243; shift_y=\u00bb0&#8243; shift_y_down=\u00bb0&#8243; z_index=\u00bb0&#8243; desktop_visibility=\u00bbyes\u00bb medium_visibility=\u00bbyes\u00bb medium_width=\u00bb0&#8243; mobile_visibility=\u00bbyes\u00bb mobile_width=\u00bb0&#8243; width=\u00bb1\/3&#8243; uncode_shortcode_id=\u00bb147060&#8243; back_color_type=\u00bbuncode-palette\u00bb][vc_button size=\u00bbbtn-lg\u00bb wide=\u00bbyes\u00bb border_width=\u00bb0&#8243; scale_mobile=\u00bbno\u00bb uncode_shortcode_id=\u00bb109496&#8243; link=\u00bburl:https%3A%2F%2Fairtable.com%2FappdUVIeTUiFg3Yjr%2FpagVFtwFA4E4WtP5i%2Fform|target:_blank\u00bb]ACREDITACI\u00d3N B\u00c1SICA[\/vc_button][vc_custom_heading heading_semantic=\u00bbh6&#8243; text_size=\u00bbh1&#8243; medium_visibility=\u00bbyes\u00bb mobile_visibility=\u00bbyes\u00bb uncode_shortcode_id=\u00bb186681&#8243;]5<small>\u20ac \u00a0 \u00a0SIN FORMACI\u00d3N \u00a0 \u00a0 \u00a0 \u00a0 \u00a0 \u00a0 \u00a0 \u00a0 \u00a0 \u00a0 \u00a0 \u00a0 <\/small>8<small>\u20ac \u00a0 \u00a0CON FORMACI\u00d3N<\/small>[\/vc_custom_heading][vc_custom_heading heading_semantic=\u00bbh6&#8243; text_size=\u00bbh1&#8243; desktop_visibility=\u00bbyes\u00bb uncode_shortcode_id=\u00bb136193&#8243;]5<small>\u20ac \u00a0 \u00a0SIN FORMACI\u00d3N<\/small><\/p>\n<p>8<small>\u20ac \u00a0 \u00a0CON FORMACI\u00d3N<\/small>[\/vc_custom_heading][vc_empty_space empty_h=\u00bb1&#8243;][vc_custom_heading heading_semantic=\u00bbp\u00bb text_size=\u00bbh4&#8243; text_weight=\u00bb400&#8243; uncode_shortcode_id=\u00bb213206&#8243;]\u00bfQu\u00e9 incluye?[\/vc_custom_heading][uncode_list icon=\u00bbfa fa-check-circle\u00bb uncode_shortcode_id=\u00bb776581&#8243;]<\/p>\n<ul>\n<li>Acreditaci\u00f3n<\/li>\n<li>Una formaci\u00f3n con Margarida Troguet<\/li>\n<li>Recibir un c\u00f3digo promocional para comprar las entradas con el 50% de descuento, sujeto a disponibilidad<\/li>\n<li>Recibir el listado de profesionales inscritas que permitan compartir sus datos<\/li>\n<\/ul>\n<p>[\/uncode_list][vc_empty_space empty_h=\u00bb1&#8243;][\/vc_column][\/vc_row]<\/p>\n<\/div>","protected":false},"excerpt":{"rendered":"<p>[vc_row unlock_row_content=\u00bbyes\u00bb row_height_percent=\u00bb0&#8243; override_padding=\u00bbyes\u00bb h_padding=\u00bb2&#8243; top_padding=\u00bb5&#8243; bottom_padding=\u00bb5&#8243; overlay_alpha=\u00bb50&#8243; gutter_size=\u00bb4&#8243; column_width_use_pixel=\u00bbyes\u00bb shift_y=\u00bb0&#8243; z_index=\u00bb0&#8243; uncode_shortcode_id=\u00bb735411&#8243; column_width_pixel=\u00bb1500&#8243;][vc_column width=\u00bb1\/2&#8243;][vc_single_image media=\u00bb117300&#8243; media_width_percent=\u00bb100&#8243; media_ratio=\u00bbfive-four\u00bb uncode_shortcode_id=\u00bb195875&#8243;][\/vc_column][vc_column column_width_percent=\u00bb100&#8243; [&hellip;]<\/p>\n","protected":false},"author":3,"featured_media":0,"parent":0,"menu_order":0,"comment_status":"open","ping_status":"closed","template":"","meta":{"_acf_changed":false,"_monsterinsights_skip_tracking":false,"_monsterinsights_sitenote_active":false,"_monsterinsights_sitenote_note":"","_monsterinsights_sitenote_category":0,"footnotes":""},"class_list":["post-117853","page","type-page","status-publish","hentry"],"acf":[],"aioseo_notices":[],"_links":{"self":[{"href":"https:\/\/www.festivalz.org\/es\/wp-json\/wp\/v2\/pages\/117853","targetHints":{"allow":["GET"]}}],"collection":[{"href":"https:\/\/www.festivalz.org\/es\/wp-json\/wp\/v2\/pages"}],"about":[{"href":"https:\/\/www.festivalz.org\/es\/wp-json\/wp\/v2\/types\/page"}],"author":[{"embeddable":true,"href":"https:\/\/www.festivalz.org\/es\/wp-json\/wp\/v2\/users\/3"}],"replies":[{"embeddable":true,"href":"https:\/\/www.festivalz.org\/es\/wp-json\/wp\/v2\/comments?post=117853"}],"version-history":[{"count":8,"href":"https:\/\/www.festivalz.org\/es\/wp-json\/wp\/v2\/pages\/117853\/revisions"}],"predecessor-version":[{"id":119163,"href":"https:\/\/www.festivalz.org\/es\/wp-json\/wp\/v2\/pages\/117853\/revisions\/119163"}],"wp:attachment":[{"href":"https:\/\/www.festivalz.org\/es\/wp-json\/wp\/v2\/media?parent=117853"}],"curies":[{"name":"wp","href":"https:\/\/api.w.org\/{rel}","templated":true}]}}