{"id":115752,"date":"2024-05-11T17:00:53","date_gmt":"2024-05-11T15:00:53","guid":{"rendered":"https:\/\/www.festivalz.org\/?page_id=115752"},"modified":"2026-04-13T08:59:57","modified_gmt":"2026-04-13T06:59:57","slug":"ediciones-anteriores","status":"publish","type":"page","link":"https:\/\/www.festivalz.org\/es\/ediciones-anteriores\/","title":{"rendered":"Ediciones anteriores"},"content":{"rendered":"<div class=\"wpb-content-wrapper\"><p>[vc_row row_height_percent=\u00bb0&#8243; overlay_alpha=\u00bb50&#8243; gutter_size=\u00bb3&#8243; column_width_percent=\u00bb100&#8243; shift_y=\u00bb0&#8243; z_index=\u00bb0&#8243; desktop_visibility=\u00bbyes\u00bb medium_visibility=\u00bbyes\u00bb mobile_visibility=\u00bbyes\u00bb content_parallax=\u00bb0&#8243; uncode_shortcode_id=\u00bb781972&#8243;][vc_column column_width_percent=\u00bb100&#8243; gutter_size=\u00bb3&#8243; overlay_alpha=\u00bb50&#8243; shift_x=\u00bb0&#8243; shift_y=\u00bb0&#8243; shift_y_down=\u00bb0&#8243; z_index=\u00bb0&#8243; medium_width=\u00bb0&#8243; mobile_width=\u00bb0&#8243; width=\u00bb1\/1&#8243; uncode_shortcode_id=\u00bb770513&#8243;][vc_empty_space empty_h=\u00bb1&#8243;][vc_custom_heading text_color=\u00bbaccent\u00bb heading_semantic=\u00bbh3&#8243; text_size=\u00bbh1&#8243; uncode_shortcode_id=\u00bb664193&#8243; text_color_type=\u00bbuncode-palette\u00bb]<\/p>\n<h1><b>Programaci\u00f3n<\/b><\/h1>\n<p>[\/vc_custom_heading][\/vc_column][\/vc_row][vc_row row_height_percent=\u00bb0&#8243; overlay_alpha=\u00bb50&#8243; gutter_size=\u00bb3&#8243; column_width_percent=\u00bb100&#8243; shift_y=\u00bb0&#8243; z_index=\u00bb0&#8243; desktop_visibility=\u00bbyes\u00bb medium_visibility=\u00bbyes\u00bb mobile_visibility=\u00bbyes\u00bb content_parallax=\u00bb0&#8243; uncode_shortcode_id=\u00bb776835&#8243;][vc_column column_width_percent=\u00bb100&#8243; align_horizontal=\u00bbalign_center\u00bb gutter_size=\u00bb3&#8243; overlay_alpha=\u00bb50&#8243; shift_x=\u00bb0&#8243; shift_y=\u00bb0&#8243; shift_y_down=\u00bb0&#8243; z_index=\u00bb0&#8243; medium_width=\u00bb0&#8243; mobile_width=\u00bb0&#8243; width=\u00bb1\/1&#8243; uncode_shortcode_id=\u00bb129534&#8243;][uncode_index el_id=\u00bbindex-18597946&#8243; isotope_mode=\u00bbfitRows\u00bb loop=\u00bbsize:20|order_by:date|post_type:post|categories:131,132,133,134|taxonomy_count:10&#8243; screen_lg=\u00bb1000&#8243; screen_md=\u00bb600&#8243; screen_sm=\u00bb480&#8243; filtering=\u00bbyes\u00bb filtering_uppercase=\u00bbyes\u00bb filtering_position=\u00bbcenter\u00bb filter_mobile_dropdown=\u00bbyes\u00bb gutter_size=\u00bb3&#8243; post_items=\u00bbmedia|featured|onpost|original,data-hora-post,title,cia-post,detail-150134,espai-post,preu-post\u00bb single_width=\u00bb3&#8243; images_size=\u00bbfour-five\u00bb single_overlay_opacity=\u00bb22&#8243; single_secondary=\u00bbyes\u00bb single_padding=\u00bb2&#8243; single_title_dimension=\u00bbh5&#8243; single_meta_custom_typo=\u00bbyes\u00bb single_border=\u00bbyes\u00bb custom_order=\u00bbyes\u00bb no_double_tap=\u00bbyes\u00bb lbox_caption=\u00bbyes\u00bb uncode_shortcode_id=\u00bb144538&#8243; filter_all_text=\u00bbToda la programaci\u00f3n\u00bb order_ids=\u00bb118548,118556,118868,118499,118543,118454,118479,118523,118494,118487,118535,118390,118447,118462,118435,118429,118472,118892&#8243; filter_mobile_dropdown_text=\u00bbSeleccionar categor\u00eda\u00bb][\/vc_column][\/vc_row][vc_row row_height_percent=\u00bb50&#8243; override_padding=\u00bbyes\u00bb h_padding=\u00bb2&#8243; top_padding=\u00bb5&#8243; bottom_padding=\u00bb5&#8243; overlay_alpha=\u00bb50&#8243; gutter_size=\u00bb3&#8243; column_width_percent=\u00bb100&#8243; shift_y=\u00bb0&#8243; z_index=\u00bb0&#8243; desktop_visibility=\u00bbyes\u00bb medium_visibility=\u00bbyes\u00bb mobile_visibility=\u00bbyes\u00bb content_parallax=\u00bb0&#8243; uncode_shortcode_id=\u00bb107044&#8243;][vc_column column_width_use_pixel=\u00bbyes\u00bb position_vertical=\u00bbmiddle\u00bb align_horizontal=\u00bbalign_center\u00bb gutter_size=\u00bb2&#8243; overlay_alpha=\u00bb50&#8243; shift_x=\u00bb0&#8243; shift_y=\u00bb0&#8243; shift_y_down=\u00bb0&#8243; z_index=\u00bb0&#8243; medium_width=\u00bb0&#8243; mobile_width=\u00bb0&#8243; width=\u00bb1\/1&#8243; column_width_pixel=\u00bb900&#8243; uncode_shortcode_id=\u00bb190364&#8243;][vc_custom_heading text_color=\u00bbaccent\u00bb heading_semantic=\u00bbh6&#8243; text_size=\u00bbh6&#8243; text_transform=\u00bbuppercase\u00bb uncode_shortcode_id=\u00bb713584&#8243; text_color_type=\u00bbuncode-palette\u00bb]Novedad[\/vc_custom_heading][vc_custom_heading heading_semantic=\u00bbh3&#8243; text_size=\u00bbh1&#8243; uncode_shortcode_id=\u00bb632846&#8243;]\u00bfEres fan del Z y nos acompa\u00f1aas a todo? \u00a1Tienes premio![\/vc_custom_heading][vc_column_text text_lead=\u00bbyes\u00bb uncode_shortcode_id=\u00bb357642&#8243;]Este 2025, si compras entradas para todos los espect\u00e1culos del Festival Z 2025, <strong>\u00a1te aplicamos directamente un 20% de descuento!<\/strong><\/p>\n<div>Cuando selecciones todos los espect\u00e1culos, se te aplicar\u00e1 directamente el descuento. Es necesario que los a\u00f1adas todos a tu cesta de compra desde la plataforma de venta de entradas antes de realizar el pago.<\/div>\n<p>[\/vc_column_text][vc_column_text text_lead=\u00bbsmall\u00bb uncode_shortcode_id=\u00bb134243&#8243;]<span class=\"im\">Abono sujeto a aforo. Si tienes alg\u00fan problema: escr\u00edbenos a<\/span><span class=\"im\">\u00a0<strong><a href=\"mailto:comunicacio@festivalz.org\" target=\"_blank\" rel=\"noopener\">comunicacio@festivalz.org<\/a><\/strong><\/span>[\/vc_column_text][\/vc_column][\/vc_row][vc_row row_height_percent=\u00bb0&#8243; override_padding=\u00bbyes\u00bb h_padding=\u00bb2&#8243; top_padding=\u00bb4&#8243; bottom_padding=\u00bb5&#8243; overlay_alpha=\u00bb50&#8243; gutter_size=\u00bb3&#8243; column_width_percent=\u00bb100&#8243; shift_y=\u00bb0&#8243; z_index=\u00bb0&#8243; content_parallax=\u00bb0&#8243; uncode_shortcode_id=\u00bb331302&#8243;][vc_column column_width_percent=\u00bb100&#8243; gutter_size=\u00bb3&#8243; overlay_alpha=\u00bb50&#8243; shift_x=\u00bb0&#8243; shift_y=\u00bb0&#8243; shift_y_down=\u00bb0&#8243; z_index=\u00bb0&#8243; medium_width=\u00bb0&#8243; mobile_width=\u00bb0&#8243; width=\u00bb1\/1&#8243; uncode_shortcode_id=\u00bb978803&#8243;][vc_custom_heading text_color=\u00bbaccent\u00bb heading_semantic=\u00bbh3&#8243; text_size=\u00bbh1&#8243; uncode_shortcode_id=\u00bb123618&#8243; text_color_type=\u00bbuncode-palette\u00bb]<\/p>\n<h1><b>Edici\u00f3n 2025<\/b><\/h1>\n<p>[\/vc_custom_heading][vc_row_inner row_inner_height_percent=\u00bb0&#8243; overlay_alpha=\u00bb50&#8243; gutter_size=\u00bb4&#8243; shift_y=\u00bb0&#8243; z_index=\u00bb0&#8243; uncode_shortcode_id=\u00bb121123&#8243; limit_content=\u00bb\u00bb][vc_column_inner width=\u00bb5\/12&#8243;][vc_single_image media=\u00bb117196&#8243; caption=\u00bbyes\u00bb media_width_percent=\u00bb100&#8243; shape=\u00bbimg-round\u00bb radius=\u00bbxs\u00bb shadow=\u00bbyes\u00bb shadow_weight=\u00bbstd\u00bb uncode_shortcode_id=\u00bb107634&#8243;][vc_raw_html]JTNDaWZyYW1lJTIwd2lkdGglM0QlMjI1NjAlMjIlMjBoZWlnaHQlM0QlMjIzMzUlMjIlMjBzcmMlM0QlMjJodHRwcyUzQSUyRiUyRnd3dy55b3V0dWJlLmNvbSUyRmVtYmVkJTJGT2F0SmZiOERENFElM0ZzaSUzREt0TUxCNjhuZ0VmeTM4VDUlMjIlMjB0aXRsZSUzRCUyMllvdVR1YmUlMjB2aWRlbyUyMHBsYXllciUyMiUyMGZyYW1lYm9yZGVyJTNEJTIyMCUyMiUyMGFsbG93JTNEJTIyYWNjZWxlcm9tZXRlciUzQiUyMGF1dG9wbGF5JTNCJTIwY2xpcGJvYXJkLXdyaXRlJTNCJTIwZW5jcnlwdGVkLW1lZGlhJTNCJTIwZ3lyb3Njb3BlJTNCJTIwcGljdHVyZS1pbi1waWN0dXJlJTNCJTIwd2ViLXNoYXJlJTIyJTIwYWxsb3dmdWxsc2NyZWVuJTNFJTNDJTJGaWZyYW1lJTNF[\/vc_raw_html][\/vc_column_inner][vc_column_inner column_width_percent=\u00bb100&#8243; gutter_size=\u00bb2&#8243; overlay_alpha=\u00bb50&#8243; shift_x=\u00bb0&#8243; shift_y=\u00bb0&#8243; shift_y_down=\u00bb0&#8243; z_index=\u00bb0&#8243; medium_width=\u00bb0&#8243; mobile_width=\u00bb0&#8243; width=\u00bb7\/12&#8243; uncode_shortcode_id=\u00bb765072&#8243;][vc_single_image media=\u00bb118261&#8243; media_width_percent=\u00bb100&#8243; uncode_shortcode_id=\u00bb803471&#8243;][vc_custom_heading heading_semantic=\u00bbh3&#8243; text_size=\u00bbh5&#8243; uncode_shortcode_id=\u00bb175299&#8243;]<\/p>\n<p style=\"font-weight: 400;\"><b>POR AMOR AL ARTE<\/b><\/p>\n<p style=\"font-weight: 400;\">\u00bfCu\u00e1ntas veces has sentido que hac\u00edas algo <em>por amor al arte<\/em>? Esta imagen rom\u00e1ntica y aparentemente bonita, de hacer algo porque lo amas, con pasi\u00f3n, esconde una realidad precaria, en la que artistas y creadoras trabajan y luchan para arrancar sus proyectos a menudo con el <em>amor<\/em> como \u00fanica moneda de cambio.<\/p>\n<p style=\"font-weight: 400;\">As\u00ed pues, este a\u00f1o nos acogemos al lema <em><strong>Por amor al arte<\/strong><\/em> como celebraci\u00f3n y denuncia a la vez. Por un lado, queremos festejar el amor como motor creativo, que, a trav\u00e9s de la v\u00eda del arte, une personas y realidades diversas, nos acompa\u00f1a, nos abraza y nos hace sentir m\u00e1s fuertes. Por el otro, nos tomamos el lema con iron\u00eda, para denunciar como se ha utilizado este <em>amor al arte<\/em> para perpetuar la precarizaci\u00f3n del sector cultural y, especialmente, de las creadoras m\u00e1s j\u00f3venes.<\/p>\n<p>[\/vc_custom_heading][vc_custom_heading text_color=\u00bbaccent\u00bb heading_semantic=\u00bbh3&#8243; text_size=\u00bbh3&#8243; uncode_shortcode_id=\u00bb145976&#8243; text_color_type=\u00bbuncode-palette\u00bb]<\/p>\n<h3 style=\"font-weight: 400; color: #ff00ce;\"><b>Fieles a nuestra esencia, en la edici\u00f3n 2025 del Festival Z reivindicamos el amor, s\u00ed, pero tambi\u00e9n la profesionalizaci\u00f3n de las j\u00f3venes artistas. \u00bfNos acompa\u00f1as?<\/b><\/h3>\n<p>[\/vc_custom_heading][vc_column_text uncode_shortcode_id=\u00bb184962&#8243;]<\/p>\n<p style=\"font-weight: 400;\"><b>LA IMAGEN: EL RAT\u00d3N<\/b><\/p>\n<p style=\"font-weight: 400;\">El rat\u00f3n es un animal curioso y juguet\u00f3n. Una criatura que, como nosotros, motivado por las ganas de descubrir, a menudo acaba atrapado en alg\u00fan paradero. A la vez, es su curiosidad lo que le hace fuerte, as\u00ed como la capacidad de meterse por cualquier rendija, de apa\u00f1arse para sobrevivir en las condiciones m\u00e1s adversas. Su imagen nos alerta de las trampas en que podemos caer cuando damos los primeros pasos en el \u00e1mbito art\u00edstico, pero tambi\u00e9n nos lleva a reivindicar la fuerza de lo que es peque\u00f1o, del entusiasmo, de las ganas de jugar, y del amor, no solo como trampa, sino como fuerza motriz.<\/p>\n<p>El joven dise\u00f1ador gr\u00e1fico Mart\u00ed Men\u00e9ndez es el creador de la imagen.[\/vc_column_text][\/vc_column_inner][\/vc_row_inner][\/vc_column][\/vc_row][vc_row row_height_percent=\u00bb100&#8243; override_padding=\u00bbyes\u00bb h_padding=\u00bb2&#8243; top_padding=\u00bb0&#8243; bottom_padding=\u00bb0&#8243; overlay_alpha=\u00bb50&#8243; gutter_size=\u00bb3&#8243; column_width_percent=\u00bb100&#8243; shift_y=\u00bb0&#8243; z_index=\u00bb0&#8243; content_parallax=\u00bb0&#8243; uncode_shortcode_id=\u00bb583916&#8243; el_id=\u00bbedicions-anteriors\u00bb][vc_column column_width_percent=\u00bb100&#8243; position_vertical=\u00bbmiddle\u00bb gutter_size=\u00bb3&#8243; style=\u00bblight\u00bb overlay_alpha=\u00bb50&#8243; shift_x=\u00bb0&#8243; shift_y=\u00bb0&#8243; shift_y_down=\u00bb0&#8243; z_index=\u00bb0&#8243; medium_width=\u00bb0&#8243; mobile_width=\u00bb0&#8243; width=\u00bb1\/1&#8243; uncode_shortcode_id=\u00bb111623&#8243;][vc_column_text uncode_shortcode_id=\u00bb175608&#8243;]<\/p>\n<h2 style=\"text-align: left;\"><span class=\"font-142291\">Ediciones anteriores<\/span><\/h2>\n<p>[\/vc_column_text][vc_row_inner row_inner_height_percent=\u00bb0&#8243; overlay_alpha=\u00bb50&#8243; gutter_size=\u00bb3&#8243; shift_y=\u00bb0&#8243; z_index=\u00bb0&#8243; uncode_shortcode_id=\u00bb101667&#8243;][vc_column_inner column_width_percent=\u00bb100&#8243; gutter_size=\u00bb3&#8243; expand_height=\u00bbyes\u00bb overlay_alpha=\u00bb50&#8243; shift_x=\u00bb0&#8243; shift_y=\u00bb0&#8243; shift_y_down=\u00bb0&#8243; z_index=\u00bb0&#8243; medium_width=\u00bb0&#8243; mobile_width=\u00bb0&#8243; width=\u00bb1\/2&#8243; uncode_shortcode_id=\u00bb120458&#8243;][vc_raw_html]JTNDaWZyYW1lJTIwd2lkdGglM0QlMjI1NjAlMjIlMjBoZWlnaHQlM0QlMjIzMzUlMjIlMjBzcmMlM0QlMjJodHRwcyUzQSUyRiUyRnd3dy55b3V0dWJlLmNvbSUyRmVtYmVkJTJGc1Nsb3JKRXBUMnclM0ZzaSUzRDc0aDNWZnpWSVJhQTN1SXAlMjIlMjB0aXRsZSUzRCUyMllvdVR1YmUlMjB2aWRlbyUyMHBsYXllciUyMiUyMGZyYW1lYm9yZGVyJTNEJTIyMCUyMiUyMGFsbG93JTNEJTIyYWNjZWxlcm9tZXRlciUzQiUyMGF1dG9wbGF5JTNCJTIwY2xpcGJvYXJkLXdyaXRlJTNCJTIwZW5jcnlwdGVkLW1lZGlhJTNCJTIwZ3lyb3Njb3BlJTNCJTIwcGljdHVyZS1pbi1waWN0dXJlJTNCJTIwd2ViLXNoYXJlJTIyJTIwYWxsb3dmdWxsc2NyZWVuJTNFJTNDJTJGaWZyYW1lJTNF[\/vc_raw_html][\/vc_column_inner][vc_column_inner column_width_percent=\u00bb100&#8243; gutter_size=\u00bb3&#8243; expand_height=\u00bbyes\u00bb overlay_alpha=\u00bb50&#8243; shift_x=\u00bb0&#8243; shift_y=\u00bb0&#8243; shift_y_down=\u00bb0&#8243; z_index=\u00bb0&#8243; medium_width=\u00bb0&#8243; mobile_width=\u00bb0&#8243; width=\u00bb1\/2&#8243; uncode_shortcode_id=\u00bb442932&#8243;][vc_raw_html]JTNDaWZyYW1lJTIwd2lkdGglM0QlMjI1NjAlMjIlMjBoZWlnaHQlM0QlMjIzMzUlMjIlMjBzcmMlM0QlMjJodHRwcyUzQSUyRiUyRnd3dy55b3V0dWJlLmNvbSUyRmVtYmVkJTJGNXRRZ2dIVUZObGslMjIlMjB0aXRsZSUzRCUyMllvdVR1YmUlMjB2aWRlbyUyMHBsYXllciUyMiUyMGZyYW1lYm9yZGVyJTNEJTIyMCUyMiUyMGFsbG93JTNEJTIyYWNjZWxlcm9tZXRlciUzQiUyMGF1dG9wbGF5JTNCJTIwY2xpcGJvYXJkLXdyaXRlJTNCJTIwZW5jcnlwdGVkLW1lZGlhJTNCJTIwZ3lyb3Njb3BlJTNCJTIwcGljdHVyZS1pbi1waWN0dXJlJTNCJTIwd2ViLXNoYXJlJTIyJTIwYWxsb3dmdWxsc2NyZWVuJTNFJTNDJTJGaWZyYW1lJTNF[\/vc_raw_html][\/vc_column_inner][\/vc_row_inner][vc_row_inner][vc_column_inner width=\u00bb1\/2&#8243;][vc_raw_html]JTNDaWZyYW1lJTIwd2lkdGglM0QlMjI1NjAlMjIlMjBoZWlnaHQlM0QlMjIzMzUlMjIlMjBzcmMlM0QlMjJodHRwcyUzQSUyRiUyRnd3dy55b3V0dWJlLmNvbSUyRmVtYmVkJTJGR2xXQXNFQnE3RnMlMjIlMjB0aXRsZSUzRCUyMllvdVR1YmUlMjB2aWRlbyUyMHBsYXllciUyMiUyMGZyYW1lYm9yZGVyJTNEJTIyMCUyMiUyMGFsbG93JTNEJTIyYWNjZWxlcm9tZXRlciUzQiUyMGF1dG9wbGF5JTNCJTIwY2xpcGJvYXJkLXdyaXRlJTNCJTIwZW5jcnlwdGVkLW1lZGlhJTNCJTIwZ3lyb3Njb3BlJTNCJTIwcGljdHVyZS1pbi1waWN0dXJlJTNCJTIwd2ViLXNoYXJlJTIyJTIwYWxsb3dmdWxsc2NyZWVuJTNFJTNDJTJGaWZyYW1lJTNF[\/vc_raw_html][\/vc_column_inner][vc_column_inner column_width_percent=\u00bb100&#8243; gutter_size=\u00bb3&#8243; expand_height=\u00bbyes\u00bb overlay_alpha=\u00bb50&#8243; shift_x=\u00bb0&#8243; shift_y=\u00bb0&#8243; shift_y_down=\u00bb0&#8243; z_index=\u00bb0&#8243; medium_width=\u00bb0&#8243; mobile_width=\u00bb0&#8243; width=\u00bb1\/2&#8243; uncode_shortcode_id=\u00bb158125&#8243;][vc_raw_html]JTNDaWZyYW1lJTIwd2lkdGglM0QlMjI1NjAlMjIlMjBoZWlnaHQlM0QlMjIzMzUlMjIlMjBzcmMlM0QlMjJodHRwcyUzQSUyRiUyRnd3dy55b3V0dWJlLmNvbSUyRmVtYmVkJTJGa2VOX1hVenRiclklMjIlMjB0aXRsZSUzRCUyMllvdVR1YmUlMjB2aWRlbyUyMHBsYXllciUyMiUyMGZyYW1lYm9yZGVyJTNEJTIyMCUyMiUyMGFsbG93JTNEJTIyYWNjZWxlcm9tZXRlciUzQiUyMGF1dG9wbGF5JTNCJTIwY2xpcGJvYXJkLXdyaXRlJTNCJTIwZW5jcnlwdGVkLW1lZGlhJTNCJTIwZ3lyb3Njb3BlJTNCJTIwcGljdHVyZS1pbi1waWN0dXJlJTNCJTIwd2ViLXNoYXJlJTIyJTIwYWxsb3dmdWxsc2NyZWVuJTNFJTNDJTJGaWZyYW1lJTNF[\/vc_raw_html][\/vc_column_inner][\/vc_row_inner][vc_empty_space empty_h=\u00bb3&#8243;][\/vc_column][\/vc_row][vc_row row_height_percent=\u00bb0&#8243; back_color=\u00bbcolor-jevc\u00bb overlay_alpha=\u00bb50&#8243; gutter_size=\u00bb3&#8243; column_width_percent=\u00bb100&#8243; shift_y=\u00bb0&#8243; z_index=\u00bb0&#8243; desktop_visibility=\u00bbyes\u00bb medium_visibility=\u00bbyes\u00bb mobile_visibility=\u00bbyes\u00bb content_parallax=\u00bb0&#8243; uncode_shortcode_id=\u00bb457087&#8243; back_color_type=\u00bbuncode-palette\u00bb][vc_column column_width_percent=\u00bb100&#8243; gutter_size=\u00bb3&#8243; style=\u00bbdark\u00bb overlay_alpha=\u00bb50&#8243; shift_x=\u00bb0&#8243; shift_y=\u00bb0&#8243; shift_y_down=\u00bb0&#8243; z_index=\u00bb0&#8243; medium_width=\u00bb0&#8243; mobile_width=\u00bb0&#8243; width=\u00bb1\/1&#8243; uncode_shortcode_id=\u00bb125857&#8243;][vc_column_text text_lead=\u00bbsmall\u00bb uncode_shortcode_id=\u00bb339280&#8243;]<\/p>\n<h6>Pol\u00edtica de compra de entradas<\/h6>\n<p>Al obtener las entradas, se cobra el precio de venta de la entrada y el 6% del precio de venta de entrada por la gesti\u00f3n de la transacci\u00f3n.<\/p>\n<p>Las entradas no son retornables ni reembolsables.<\/p>\n<p>Si tiene alg\u00fan problema con la compra de entradas puede solicitar asistencia a trav\u00e9s de <a href=\"mailto:comunicacio@festivalz.org\" target=\"_blank\" rel=\"noopener\">comunicacio@festivalz.org<\/a>[\/vc_column_text][\/vc_column][\/vc_row]<\/p>\n<\/div>","protected":false},"excerpt":{"rendered":"<p>[vc_row row_height_percent=\u00bb0&#8243; overlay_alpha=\u00bb50&#8243; gutter_size=\u00bb3&#8243; column_width_percent=\u00bb100&#8243; shift_y=\u00bb0&#8243; z_index=\u00bb0&#8243; desktop_visibility=\u00bbyes\u00bb medium_visibility=\u00bbyes\u00bb mobile_visibility=\u00bbyes\u00bb content_parallax=\u00bb0&#8243; uncode_shortcode_id=\u00bb781972&#8243;][vc_column column_width_percent=\u00bb100&#8243; gutter_size=\u00bb3&#8243; overlay_alpha=\u00bb50&#8243; shift_x=\u00bb0&#8243; shift_y=\u00bb0&#8243; shift_y_down=\u00bb0&#8243; z_index=\u00bb0&#8243; medium_width=\u00bb0&#8243; [&hellip;]<\/p>\n","protected":false},"author":1,"featured_media":0,"parent":0,"menu_order":0,"comment_status":"closed","ping_status":"closed","template":"","meta":{"_acf_changed":false,"_monsterinsights_skip_tracking":false,"_monsterinsights_sitenote_active":false,"_monsterinsights_sitenote_note":"","_monsterinsights_sitenote_category":0,"footnotes":""},"class_list":["post-115752","page","type-page","status-publish","hentry"],"acf":[],"aioseo_notices":[],"_links":{"self":[{"href":"https:\/\/www.festivalz.org\/es\/wp-json\/wp\/v2\/pages\/115752","targetHints":{"allow":["GET"]}}],"collection":[{"href":"https:\/\/www.festivalz.org\/es\/wp-json\/wp\/v2\/pages"}],"about":[{"href":"https:\/\/www.festivalz.org\/es\/wp-json\/wp\/v2\/types\/page"}],"author":[{"embeddable":true,"href":"https:\/\/www.festivalz.org\/es\/wp-json\/wp\/v2\/users\/1"}],"replies":[{"embeddable":true,"href":"https:\/\/www.festivalz.org\/es\/wp-json\/wp\/v2\/comments?post=115752"}],"version-history":[{"count":36,"href":"https:\/\/www.festivalz.org\/es\/wp-json\/wp\/v2\/pages\/115752\/revisions"}],"predecessor-version":[{"id":119891,"href":"https:\/\/www.festivalz.org\/es\/wp-json\/wp\/v2\/pages\/115752\/revisions\/119891"}],"wp:attachment":[{"href":"https:\/\/www.festivalz.org\/es\/wp-json\/wp\/v2\/media?parent=115752"}],"curies":[{"name":"wp","href":"https:\/\/api.w.org\/{rel}","templated":true}]}}