{"id":115045,"date":"2024-03-27T01:35:52","date_gmt":"2024-03-26T23:35:52","guid":{"rendered":"https:\/\/www.festivalz.org\/?page_id=115045"},"modified":"2025-04-09T17:44:07","modified_gmt":"2025-04-09T15:44:07","slug":"cookies","status":"publish","type":"page","link":"https:\/\/www.festivalz.org\/es\/cookies\/","title":{"rendered":"Cookies"},"content":{"rendered":"<div class=\"wpb-content-wrapper\"><p>[vc_row][vc_column][vc_column_text uncode_shortcode_id=\u00bb580658&#8243;]<\/p>\n<h1><b>COOKIES<\/b><\/h1>\n<h3><b>Pol\u00edtica de Cookies<\/b><\/h3>\n<p>En <strong><a href=\"http:\/\/www.festivalz.org\">www.festivalz.org<\/a><\/strong> utilitzamos cookies para mejorar tu experiencia de navegaci\u00f3n y proporcionarte un servicio personalizado. Esta p\u00e1gina web utiliza cookies propias y de terceros para diversos fines, como el an\u00e1lisis de tr\u00e1nsito, la personalizaci\u00f3n de contenido y la reproducci\u00f3n de videos incrustados. Al utilizar nuestra p\u00e1gina web, aceptas el uso de cookies de acuerdo con esta Pol\u00edtica de Cookies.<\/p>\n<h3><b>\u00bfQu\u00e9 son las cookies?<\/b><\/h3>\n<p>Las cookies son peque\u00f1os archivos de texto que se almacenan en tu dispositivo cuando visitas una p\u00e1gina web. Estas cookies ayudan a la p\u00e1gina web a reconocer tu dispositivo la pr\u00f3xima vez que lo visites y puedan recordar informaci\u00f3n sobre tus preferencias y acciones anteriores.<\/p>\n<h3><b>\u00bfC\u00f3mo utilitzamos las cookies?<\/b><\/h3>\n<p>Utilizamos cookies por diversas razones, que incluyen:<\/p>\n<ul>\n<li><strong>Cookies esenciales:<\/strong> Estas cookies son esenciales para propocionarte servicios a trav\u00e9s de nuestra p\u00e1gina web y para permitir que utilices algunas de sus funciones.<\/li>\n<li><strong>Cookies de rendimiento:<\/strong> Estas cookies recopilan informaci\u00f3n sobre como interact\u00faas con nuestra p\u00e1gina web, con las p\u00e1ginas que visitas con m\u00e1s frecuencia y si experimentas alg\u00fan error. Esta informaci\u00f3n se utiliza para mejorar el rendimiento y la funcionalidad de nuestra p\u00e1gina web.<\/li>\n<li><strong>Cookies de funcionalidad:<\/strong> Estas cookies se utilizan para recordar tus preferencias y proporcionarte una experiencia m\u00e1s personalizada. Por ejemplo, pueden recordar tu nombre de usuario y tus preferencias de idioma.<\/li>\n<li><strong>Cookies de m\u00e1rqueting:<\/strong> Estas cookies se utilizan para mostrarte anuncios relevantes basados en tus intereses. Tambi\u00e9n pueden utilizarse para realizar un seguimiento de la eficacia de las campa\u00f1as publicitarias.<\/li>\n<\/ul>\n<h3><b>Control de cookies<\/b><\/h3>\n<p>Puedes controlar y administrar el uso de cookies en tu navegador. No obstante, deshabilitar algunas cookies puede afectar la funcionalidad de nuestra p\u00e1gina web.<\/p>\n<h3><b>Cambios en nuestra Pol\u00edtica de Cookies<\/b><\/h3>\n<p>Nos reservamos el derecho de modificar esta Pol\u00edtica de Cookies en cualquier momento. Cualquier cambio ser\u00e1 efectivo tan pronto como se publique la versi\u00f3n revisada en nuestra p\u00e1gina web. Te recomendamos que revises peri\u00f3dicamente esta p\u00e1gina web para estar al corriente de cualquier cambio.<\/p>\n<h3><b>Contacto<\/b><\/h3>\n<p>Si tienes alguna pregunta sobre nuestra Pol\u00edtica de Cookies, puedes ponerte en contacto con nosotros a trav\u00e9s de <strong><a href=\"mailto:info@festivalz.org\">info@festivalz.org<\/a><\/strong>[\/vc_column_text][\/vc_column][\/vc_row]<\/p>\n<\/div>","protected":false},"excerpt":{"rendered":"<p>[vc_row][vc_column][vc_column_text uncode_shortcode_id=\u00bb580658&#8243;] COOKIES Pol\u00edtica de Cookies En www.festivalz.org utilitzamos cookies para mejorar tu experiencia de navegaci\u00f3n y proporcionarte un servicio [&hellip;]<\/p>\n","protected":false},"author":1,"featured_media":0,"parent":0,"menu_order":0,"comment_status":"closed","ping_status":"closed","template":"","meta":{"_acf_changed":false,"_monsterinsights_skip_tracking":false,"_monsterinsights_sitenote_active":false,"_monsterinsights_sitenote_note":"","_monsterinsights_sitenote_category":0,"footnotes":""},"class_list":["post-115045","page","type-page","status-publish","hentry"],"acf":[],"aioseo_notices":[],"_links":{"self":[{"href":"https:\/\/www.festivalz.org\/es\/wp-json\/wp\/v2\/pages\/115045","targetHints":{"allow":["GET"]}}],"collection":[{"href":"https:\/\/www.festivalz.org\/es\/wp-json\/wp\/v2\/pages"}],"about":[{"href":"https:\/\/www.festivalz.org\/es\/wp-json\/wp\/v2\/types\/page"}],"author":[{"embeddable":true,"href":"https:\/\/www.festivalz.org\/es\/wp-json\/wp\/v2\/users\/1"}],"replies":[{"embeddable":true,"href":"https:\/\/www.festivalz.org\/es\/wp-json\/wp\/v2\/comments?post=115045"}],"version-history":[{"count":2,"href":"https:\/\/www.festivalz.org\/es\/wp-json\/wp\/v2\/pages\/115045\/revisions"}],"predecessor-version":[{"id":115047,"href":"https:\/\/www.festivalz.org\/es\/wp-json\/wp\/v2\/pages\/115045\/revisions\/115047"}],"wp:attachment":[{"href":"https:\/\/www.festivalz.org\/es\/wp-json\/wp\/v2\/media?parent=115045"}],"curies":[{"name":"wp","href":"https:\/\/api.w.org\/{rel}","templated":true}]}}