{"id":119576,"date":"2026-04-12T22:33:02","date_gmt":"2026-04-12T20:33:02","guid":{"rendered":"https:\/\/www.festivalz.org\/?page_id=119576"},"modified":"2026-04-12T22:47:41","modified_gmt":"2026-04-12T20:47:41","slug":"2026-edition","status":"publish","type":"page","link":"https:\/\/www.festivalz.org\/en\/2026-edition\/","title":{"rendered":"2026 Edition"},"content":{"rendered":"<div class=\"wpb-content-wrapper\"><p>[vc_row row_height_percent=&#8221;0&#8243; overlay_alpha=&#8221;50&#8243; gutter_size=&#8221;3&#8243; column_width_percent=&#8221;100&#8243; shift_y=&#8221;0&#8243; z_index=&#8221;0&#8243; desktop_visibility=&#8221;yes&#8221; medium_visibility=&#8221;yes&#8221; mobile_visibility=&#8221;yes&#8221; content_parallax=&#8221;0&#8243; uncode_shortcode_id=&#8221;564020&#8243;][vc_column column_width_percent=&#8221;100&#8243; gutter_size=&#8221;3&#8243; overlay_alpha=&#8221;50&#8243; shift_x=&#8221;0&#8243; shift_y=&#8221;0&#8243; shift_y_down=&#8221;0&#8243; z_index=&#8221;0&#8243; medium_width=&#8221;0&#8243; mobile_width=&#8221;0&#8243; width=&#8221;1\/1&#8243; uncode_shortcode_id=&#8221;770513&#8243;][vc_empty_space empty_h=&#8221;1&#8243;][vc_custom_heading text_color=&#8221;accent&#8221; heading_semantic=&#8221;h3&#8243; text_size=&#8221;h1&#8243; uncode_shortcode_id=&#8221;140452&#8243; text_color_type=&#8221;uncode-palette&#8221;]<\/p>\n<h1><b>Programaci\u00f3<\/b><\/h1>\n<p>[\/vc_custom_heading][\/vc_column][\/vc_row][vc_row row_height_percent=&#8221;0&#8243; overlay_alpha=&#8221;50&#8243; gutter_size=&#8221;3&#8243; column_width_percent=&#8221;100&#8243; shift_y=&#8221;0&#8243; z_index=&#8221;0&#8243; desktop_visibility=&#8221;yes&#8221; medium_visibility=&#8221;yes&#8221; mobile_visibility=&#8221;yes&#8221; content_parallax=&#8221;0&#8243; uncode_shortcode_id=&#8221;165489&#8243;][vc_column column_width_percent=&#8221;100&#8243; align_horizontal=&#8221;align_center&#8221; gutter_size=&#8221;3&#8243; overlay_alpha=&#8221;50&#8243; shift_x=&#8221;0&#8243; shift_y=&#8221;0&#8243; shift_y_down=&#8221;0&#8243; z_index=&#8221;0&#8243; medium_width=&#8221;0&#8243; mobile_width=&#8221;0&#8243; width=&#8221;1\/1&#8243; uncode_shortcode_id=&#8221;129534&#8243;][uncode_index el_id=&#8221;index-18597946&#8243; isotope_mode=&#8221;fitRows&#8221; loop=&#8221;size:20|order_by:date|post_type:post|categories:126,128,129,127|taxonomy_count:10&#8243; screen_lg=&#8221;1000&#8243; screen_md=&#8221;600&#8243; screen_sm=&#8221;480&#8243; filtering=&#8221;yes&#8221; filtering_uppercase=&#8221;yes&#8221; filtering_position=&#8221;center&#8221; filter_mobile_dropdown=&#8221;yes&#8221; gutter_size=&#8221;3&#8243; post_items=&#8221;media|featured|onpost|original,data-hora-post,title,cia-post,detail-150134,espai-post,preu-post&#8221; single_width=&#8221;3&#8243; images_size=&#8221;four-five&#8221; single_overlay_opacity=&#8221;22&#8243; single_secondary=&#8221;yes&#8221; single_padding=&#8221;2&#8243; single_title_dimension=&#8221;h5&#8243; single_meta_custom_typo=&#8221;yes&#8221; single_border=&#8221;yes&#8221; custom_order=&#8221;yes&#8221; no_double_tap=&#8221;yes&#8221; lbox_caption=&#8221;yes&#8221; uncode_shortcode_id=&#8221;243453&#8243; filter_all_text=&#8221;Tota la programaci\u00f3&#8221; order_ids=&#8221;118242,118339,118208,118165,118230,118145,118149,118217,118158,118156,118238,118051,118138,118119,118143,118140,118147,118877&#8243; filter_mobile_dropdown_text=&#8221;Seleccionar categoria&#8221;][\/vc_column][\/vc_row][vc_row row_height_percent=&#8221;50&#8243; override_padding=&#8221;yes&#8221; h_padding=&#8221;2&#8243; top_padding=&#8221;5&#8243; bottom_padding=&#8221;5&#8243; overlay_alpha=&#8221;50&#8243; gutter_size=&#8221;3&#8243; column_width_percent=&#8221;100&#8243; shift_y=&#8221;0&#8243; z_index=&#8221;0&#8243; desktop_visibility=&#8221;yes&#8221; medium_visibility=&#8221;yes&#8221; mobile_visibility=&#8221;yes&#8221; content_parallax=&#8221;0&#8243; uncode_shortcode_id=&#8221;120327&#8243;][vc_column column_width_use_pixel=&#8221;yes&#8221; position_vertical=&#8221;middle&#8221; align_horizontal=&#8221;align_center&#8221; gutter_size=&#8221;2&#8243; overlay_alpha=&#8221;50&#8243; shift_x=&#8221;0&#8243; shift_y=&#8221;0&#8243; shift_y_down=&#8221;0&#8243; z_index=&#8221;0&#8243; medium_width=&#8221;0&#8243; mobile_width=&#8221;0&#8243; width=&#8221;1\/1&#8243; column_width_pixel=&#8221;900&#8243; uncode_shortcode_id=&#8221;615509&#8243;][vc_custom_heading text_color=&#8221;accent&#8221; heading_semantic=&#8221;h6&#8243; text_size=&#8221;h6&#8243; text_transform=&#8221;uppercase&#8221; uncode_shortcode_id=&#8221;118576&#8243; text_color_type=&#8221;uncode-palette&#8221;]Novetat[\/vc_custom_heading][vc_custom_heading heading_semantic=&#8221;h3&#8243; text_size=&#8221;h1&#8243; uncode_shortcode_id=&#8221;168848&#8243;]Ets fan del Z i ens acompanyes a tot? Tens premi![\/vc_custom_heading][vc_column_text text_lead=&#8221;yes&#8221; uncode_shortcode_id=&#8221;449254&#8243;]Aquest 2025, si compres entrades per a tots els espectacles del Festival Z 2025, <strong>t&#8217;apliquem directament un 20% de descompte!<\/strong><\/p>\n<div>Quan seleccionis tots els espectacles, se&#8217;t aplicar\u00e0 directament el descompte. Caldr\u00e0, per\u00f2, que els afegeixis tots a la teva cistella des de la plataforma de venda d&#8217;entrades abans de fer el pagament.<\/div>\n<p>[\/vc_column_text][vc_column_text text_lead=&#8221;small&#8221; uncode_shortcode_id=&#8221;187007&#8243;]<span class=\"im\">Abonaments subjectes a aforament. Si tens algun problema: escriu-nos a <strong><a href=\"mailto:comunicacio@festivalz.org\" target=\"_blank\" rel=\"noopener\">comunicacio@festivalz.org<\/a><\/strong><\/span>[\/vc_column_text][\/vc_column][\/vc_row][vc_row row_height_percent=&#8221;0&#8243; override_padding=&#8221;yes&#8221; h_padding=&#8221;2&#8243; top_padding=&#8221;4&#8243; bottom_padding=&#8221;5&#8243; overlay_alpha=&#8221;50&#8243; gutter_size=&#8221;3&#8243; column_width_percent=&#8221;100&#8243; shift_y=&#8221;0&#8243; z_index=&#8221;0&#8243; content_parallax=&#8221;0&#8243; uncode_shortcode_id=&#8221;880643&#8243;][vc_column column_width_percent=&#8221;100&#8243; gutter_size=&#8221;3&#8243; overlay_alpha=&#8221;50&#8243; shift_x=&#8221;0&#8243; shift_y=&#8221;0&#8243; shift_y_down=&#8221;0&#8243; z_index=&#8221;0&#8243; medium_width=&#8221;0&#8243; mobile_width=&#8221;0&#8243; width=&#8221;1\/1&#8243; uncode_shortcode_id=&#8221;978803&#8243;][vc_custom_heading text_color=&#8221;accent&#8221; heading_semantic=&#8221;h3&#8243; text_size=&#8221;h1&#8243; uncode_shortcode_id=&#8221;255564&#8243; text_color_type=&#8221;uncode-palette&#8221;]<\/p>\n<h1><b>2026 Edition<\/b><\/h1>\n<p>[\/vc_custom_heading][vc_row_inner row_inner_height_percent=&#8221;0&#8243; overlay_alpha=&#8221;50&#8243; gutter_size=&#8221;4&#8243; shift_y=&#8221;0&#8243; z_index=&#8221;0&#8243; uncode_shortcode_id=&#8221;121123&#8243; limit_content=&#8221;&#8221;][vc_column_inner width=&#8221;5\/12&#8243;][vc_single_image media=&#8221;119539&#8243; caption=&#8221;yes&#8221; media_width_percent=&#8221;100&#8243; shape=&#8221;img-round&#8221; radius=&#8221;xs&#8221; shadow=&#8221;yes&#8221; shadow_weight=&#8221;std&#8221; uncode_shortcode_id=&#8221;209221&#8243;][\/vc_column_inner][vc_column_inner column_width_percent=&#8221;100&#8243; position_vertical=&#8221;justify&#8221; gutter_size=&#8221;2&#8243; overlay_alpha=&#8221;50&#8243; shift_x=&#8221;0&#8243; shift_y=&#8221;0&#8243; shift_y_down=&#8221;0&#8243; z_index=&#8221;0&#8243; medium_width=&#8221;0&#8243; mobile_width=&#8221;0&#8243; width=&#8221;7\/12&#8243; uncode_shortcode_id=&#8221;211922&#8243;][vc_single_image media=&#8221;119557&#8243; media_width_percent=&#8221;100&#8243; uncode_shortcode_id=&#8221;986728&#8243;][vc_empty_space empty_h=&#8221;2&#8243;][vc_custom_heading text_color=&#8221;accent&#8221; heading_semantic=&#8221;h3&#8243; text_size=&#8221;h3&#8243; uncode_shortcode_id=&#8221;400866&#8243; text_color_type=&#8221;uncode-palette&#8221;]<\/p>\n<h3 style=\"font-weight: 400; color: #ff00ce;\"><b>Have you ever felt that you are going too <\/b><strong><i>slowly<\/i>? That you run as fast as the world demands you to?<\/strong><\/h3>\n<p>[\/vc_custom_heading][vc_custom_heading heading_semantic=&#8221;h3&#8243; text_size=&#8221;h5&#8243; uncode_shortcode_id=&#8221;442318&#8243;]<\/p>\n<p style=\"font-weight: 400;\"><span style=\"font-weight: 400;\">Producing, achieving results, hitting targets, accumulating goals&#8230; Often in the artistic world (and in everything else), it seems there is no time to stop and allow for space. But, at the same time, everyone knows that the best recipes are those cooked over a low flame, simmering slowly, without rushing. That is why this year at Festival Z we are adopting the motto <\/span><em><b>A poc a poc i bon teatre<\/b> <span style=\"font-weight: 400;\">(Slowly and good theatre)<\/span><\/em><span style=\"font-weight: 400;\">. <\/span><\/p>\n<p style=\"font-weight: 400;\"><span style=\"font-weight: 400;\">We celebrate a qualitative look at creative processes. We focus on the team, the co-responsibility of all the people who make it possible for a show to premiere. In an increasingly hyper-productive and frenetic context, we reclaim a measured pace as a form of resistance. And we also defend that this is a way to make <\/span><i><span style=\"font-weight: 400;\">good theatre<\/span><\/i><span style=\"font-weight: 400;\">, a theatre that contributes to the cultural fabric, that allows itself to be accompanied by the network and the environment, that opens doors, and that asks questions. <\/span><\/p>\n<p>[\/vc_custom_heading][vc_custom_heading text_color=&#8221;accent&#8221; heading_semantic=&#8221;h3&#8243; text_size=&#8221;h3&#8243; uncode_shortcode_id=&#8221;723046&#8243; text_color_type=&#8221;uncode-palette&#8221;]<\/p>\n<h3 style=\"font-weight: 400; color: #ff00ce;\"><b>Continuing with our usual spirit, in the 2026 edition of Festival Z we propose to stop and take care of ourselves, without this meaning giving up the party and the creative effervescence. Will you join us?<\/b><\/h3>\n<p>[\/vc_custom_heading][vc_empty_space empty_h=&#8221;2&#8243;][vc_column_text uncode_shortcode_id=&#8221;860130&#8243;]<\/p>\n<p style=\"font-weight: 400;\"><b>THE IMAGE: THE TURTLE<\/b><\/p>\n<p style=\"font-weight: 400;\"><span style=\"font-weight: 400;\">The turtle is a patient and steady animal. It moves forward without haste but with determination, sustaining its own rhythm and carrying its home on its back. It reminds us that processes need time, that growing implies persisting, and that reaching far does not always mean going fast. An animal with a long life expectancy that is capable of surviving in the most adverse conditions, the turtle invites us to take the necessary time\u2014not only to look after ourselves, but as a form of resistance. To enjoy the journey without thinking only of the finish line, and to understand theatre as a space for care, constancy, and shared time.<\/span><\/p>\n<p>2026 Edition image by Mart\u00ed Men\u00e9ndez.[\/vc_column_text][\/vc_column_inner][\/vc_row_inner][vc_row_inner][vc_column_inner width=&#8221;1\/1&#8243;][\/vc_column_inner][\/vc_row_inner][\/vc_column][\/vc_row][vc_row row_height_percent=&#8221;0&#8243; back_color=&#8221;color-jevc&#8221; overlay_alpha=&#8221;50&#8243; gutter_size=&#8221;3&#8243; column_width_percent=&#8221;100&#8243; shift_y=&#8221;0&#8243; z_index=&#8221;0&#8243; desktop_visibility=&#8221;yes&#8221; medium_visibility=&#8221;yes&#8221; mobile_visibility=&#8221;yes&#8221; content_parallax=&#8221;0&#8243; uncode_shortcode_id=&#8221;351028&#8243; back_color_type=&#8221;uncode-palette&#8221;][vc_column column_width_percent=&#8221;100&#8243; gutter_size=&#8221;3&#8243; style=&#8221;dark&#8221; overlay_alpha=&#8221;50&#8243; shift_x=&#8221;0&#8243; shift_y=&#8221;0&#8243; shift_y_down=&#8221;0&#8243; z_index=&#8221;0&#8243; medium_width=&#8221;0&#8243; mobile_width=&#8221;0&#8243; width=&#8221;1\/1&#8243; uncode_shortcode_id=&#8221;125857&#8243;][vc_column_text text_lead=&#8221;small&#8221; uncode_shortcode_id=&#8221;146729&#8243;]<\/p>\n<h6>Pol\u00edtica de compra d&#8217;entrades<\/h6>\n<p>En obtenir les entrades, es cobra el preu de venda de l&#8217;entrada i el 6% del preu de venda d&#8217;entrada per la gesti\u00f3 de la transacci\u00f3.<\/p>\n<p>Les entrades no s\u00f3n retornables ni reemborsables.<\/p>\n<p>Si t\u00e9 algun problema amb la compra d\u2019entrades pot sol\u00b7licitar assist\u00e8ncia a trav\u00e9s de <a href=\"mailto:comunicacio@festivalz.org\" target=\"_blank\" rel=\"noopener\">comunicacio@festivalz.org<\/a>[\/vc_column_text][\/vc_column][\/vc_row]<\/p>\n<\/div>","protected":false},"excerpt":{"rendered":"<p>[vc_row row_height_percent=&#8221;0&#8243; overlay_alpha=&#8221;50&#8243; gutter_size=&#8221;3&#8243; column_width_percent=&#8221;100&#8243; shift_y=&#8221;0&#8243; z_index=&#8221;0&#8243; desktop_visibility=&#8221;yes&#8221; medium_visibility=&#8221;yes&#8221; mobile_visibility=&#8221;yes&#8221; content_parallax=&#8221;0&#8243; uncode_shortcode_id=&#8221;564020&#8243;][vc_column column_width_percent=&#8221;100&#8243; gutter_size=&#8221;3&#8243; overlay_alpha=&#8221;50&#8243; shift_x=&#8221;0&#8243; shift_y=&#8221;0&#8243; shift_y_down=&#8221;0&#8243; z_index=&#8221;0&#8243; medium_width=&#8221;0&#8243; [&hellip;]<\/p>\n","protected":false},"author":5,"featured_media":0,"parent":0,"menu_order":0,"comment_status":"closed","ping_status":"closed","template":"","meta":{"_acf_changed":false,"_monsterinsights_skip_tracking":false,"_monsterinsights_sitenote_active":false,"_monsterinsights_sitenote_note":"","_monsterinsights_sitenote_category":0,"footnotes":""},"class_list":["post-119576","page","type-page","status-publish","hentry"],"acf":[],"aioseo_notices":[],"_links":{"self":[{"href":"https:\/\/www.festivalz.org\/en\/wp-json\/wp\/v2\/pages\/119576","targetHints":{"allow":["GET"]}}],"collection":[{"href":"https:\/\/www.festivalz.org\/en\/wp-json\/wp\/v2\/pages"}],"about":[{"href":"https:\/\/www.festivalz.org\/en\/wp-json\/wp\/v2\/types\/page"}],"author":[{"embeddable":true,"href":"https:\/\/www.festivalz.org\/en\/wp-json\/wp\/v2\/users\/5"}],"replies":[{"embeddable":true,"href":"https:\/\/www.festivalz.org\/en\/wp-json\/wp\/v2\/comments?post=119576"}],"version-history":[{"count":2,"href":"https:\/\/www.festivalz.org\/en\/wp-json\/wp\/v2\/pages\/119576\/revisions"}],"predecessor-version":[{"id":119581,"href":"https:\/\/www.festivalz.org\/en\/wp-json\/wp\/v2\/pages\/119576\/revisions\/119581"}],"wp:attachment":[{"href":"https:\/\/www.festivalz.org\/en\/wp-json\/wp\/v2\/media?parent=119576"}],"curies":[{"name":"wp","href":"https:\/\/api.w.org\/{rel}","templated":true}]}}